{"id":7234,"date":"2025-07-23T15:43:07","date_gmt":"2025-07-23T15:43:07","guid":{"rendered":"https:\/\/www.medyakapak.com\/?page_id=7234"},"modified":"2025-08-27T13:45:51","modified_gmt":"2025-08-27T13:45:51","slug":"elementor-7234","status":"publish","type":"page","link":"https:\/\/www.medyakapak.com\/?page_id=7234","title":{"rendered":"Blog Hasim G\u00fcreli"},"content":{"rendered":"\t\t<div data-elementor-type=\"wp-page\" data-elementor-id=\"7234\" class=\"elementor elementor-7234\">\n\t\t\t\t\t\t<section class=\"elementor-section elementor-top-section elementor-element elementor-element-19abc8dd elementor-section-boxed elementor-section-height-default elementor-section-height-default\" data-id=\"19abc8dd\" data-element_type=\"section\" data-e-type=\"section\">\n\t\t\t\t\t\t<div class=\"elementor-container elementor-column-gap-default\">\n\t\t\t\t\t<div class=\"elementor-column elementor-col-50 elementor-top-column elementor-element elementor-element-40a36397\" data-id=\"40a36397\" data-element_type=\"column\" data-e-type=\"column\">\n\t\t\t<div class=\"elementor-widget-wrap elementor-element-populated\">\n\t\t\t\t\t\t<div class=\"elementor-element elementor-element-6b9dbd1d elementor-widget elementor-widget-empath-post-grid\" data-id=\"6b9dbd1d\" data-element_type=\"widget\" data-e-type=\"widget\" data-widget_type=\"empath-post-grid.default\">\n\t\t\t\t<div class=\"elementor-widget-container\">\n\t\t\t\t\t<div class=\"bytf__post-wrapper\">\r\n        <div class=\"bytf__post-grid-item grid__style-two d-flex align-items-center\">\r\n        <div class=\"bytf__feature-image\">\r\n            <a aria-label=\"name\" href=\"https:\/\/www.medyakapak.com\/?p=3539\">\r\n                <img fetchpriority=\"high\" decoding=\"async\" width=\"500\" height=\"239\" src=\"https:\/\/www.medyakapak.com\/wp-content\/uploads\/2024\/08\/Screenshot-2025-07-19-160157.webp\" class=\"attachment-full size-full wp-post-image\" alt=\"\" srcset=\"https:\/\/www.medyakapak.com\/wp-content\/uploads\/2024\/08\/Screenshot-2025-07-19-160157.webp 500w, https:\/\/www.medyakapak.com\/wp-content\/uploads\/2024\/08\/Screenshot-2025-07-19-160157-300x143.webp 300w\" sizes=\"(max-width: 500px) 100vw, 500px\" \/>            <\/a>\r\n        <\/div>\r\n        <div class=\"bytf__content\">\r\n                <a aria-label=\"name\" class=\"elementor-common-cate empath-cate-badge\" href=\"https:\/\/www.medyakapak.com\/?cat=33\" style=\"background-color:var(--thm-primary);\">\n        \t<span>Ha\u015fim G\u00fcreli<\/span> \n        <\/a>\n            <a aria-label=\"name\" class=\"elementor-common-cate empath-cate-badge\" href=\"https:\/\/www.medyakapak.com\/?cat=38\" style=\"background-color:var(--thm-primary);\">\n        \t<span>Yazi<\/span> \n        <\/a>\n                <h4 class=\"bytf_post_title\"><a aria-label=\"name\" href=\"https:\/\/www.medyakapak.com\/?p=3539\">KAPALI\u00c7AR\u015eI: ASIRLIK TA\u015eLARIN ARASINDA ZAMANIN NABZI<\/a><\/h4>\r\n            <div class=\"bytf__postmeta-info-wrapper\">\r\n                <div class=\"bytf__postmeta meta__dark\">\r\n                    <ul class=\"d-flex align-items-center\">\r\n                                                    <li class=\"authore\"><img alt='' src='https:\/\/secure.gravatar.com\/avatar\/?s=25&#038;d=mm&#038;r=g' srcset='https:\/\/secure.gravatar.com\/avatar\/?s=50&#038;d=mm&#038;r=g 2x' class='avatar avatar-25 photo avatar-default' height='25' width='25' \/><a href=\"https:\/\/www.medyakapak.com\/?author=10\" title=\"Posts by Ha\u015fim G\u00fcreli\" rel=\"author\">Ha\u015fim G\u00fcreli<\/a><\/li>\r\n                        \r\n                                                    <li><i class=\"fal fa-calendar\"><\/i> 30.08.2024<\/li>\r\n                        \r\n                                            <\/ul>\r\n                <\/div>\r\n                <div class=\"bytf__bookmark bookmark__dark\">\r\n                        <div class=\"bytf__bookmark\">\r\n        <span class=\"bookmark-trigger bookmark-icon \" data-post-id=\"3539\"><i class=\"far fa-bookmark\"><\/i><\/span>\r\n    <\/div>\r\n                    <\/div>\r\n            <\/div>\r\n        <\/div>\r\n    <\/div>\r\n   \r\n<\/div>\t\t\t\t<\/div>\n\t\t\t\t<\/div>\n\t\t\t\t\t<\/div>\n\t\t<\/div>\n\t\t\t\t<div class=\"elementor-column elementor-col-50 elementor-top-column elementor-element elementor-element-4bfc8ae0\" data-id=\"4bfc8ae0\" data-element_type=\"column\" data-e-type=\"column\">\n\t\t\t<div class=\"elementor-widget-wrap elementor-element-populated\">\n\t\t\t\t\t\t<div class=\"elementor-element elementor-element-25ccfdc1 elementor-widget elementor-widget-empath-post-grid\" data-id=\"25ccfdc1\" data-element_type=\"widget\" data-e-type=\"widget\" data-widget_type=\"empath-post-grid.default\">\n\t\t\t\t<div class=\"elementor-widget-container\">\n\t\t\t\t\t<div class=\"bytf__post-wrapper\">\r\n       \r\n<\/div>\t\t\t\t<\/div>\n\t\t\t\t<\/div>\n\t\t\t\t\t<\/div>\n\t\t<\/div>\n\t\t\t\t\t<\/div>\n\t\t<\/section>\n\t\t\t\t<\/div>\n\t\t","protected":false},"excerpt":{"rendered":"<p>Ha\u015fim G\u00fcreli Yazi Kapal\u0131\u00e7ar\u015f\u0131: As\u0131rl\u0131k ta\u015flar\u0131n aras\u0131nda zaman\u0131n nabz\u0131 admin A\u011fustos 30, 2024<\/p>\n","protected":false},"author":2,"featured_media":0,"parent":0,"menu_order":0,"comment_status":"closed","ping_status":"closed","template":"","meta":{"footnotes":""},"class_list":["post-7234","page","type-page","status-publish","hentry"],"_links":{"self":[{"href":"https:\/\/www.medyakapak.com\/index.php?rest_route=\/wp\/v2\/pages\/7234","targetHints":{"allow":["GET"]}}],"collection":[{"href":"https:\/\/www.medyakapak.com\/index.php?rest_route=\/wp\/v2\/pages"}],"about":[{"href":"https:\/\/www.medyakapak.com\/index.php?rest_route=\/wp\/v2\/types\/page"}],"author":[{"embeddable":true,"href":"https:\/\/www.medyakapak.com\/index.php?rest_route=\/wp\/v2\/users\/2"}],"replies":[{"embeddable":true,"href":"https:\/\/www.medyakapak.com\/index.php?rest_route=%2Fwp%2Fv2%2Fcomments&post=7234"}],"version-history":[{"count":0,"href":"https:\/\/www.medyakapak.com\/index.php?rest_route=\/wp\/v2\/pages\/7234\/revisions"}],"wp:attachment":[{"href":"https:\/\/www.medyakapak.com\/index.php?rest_route=%2Fwp%2Fv2%2Fmedia&parent=7234"}],"curies":[{"name":"wp","href":"https:\/\/api.w.org\/{rel}","templated":true}]}}