{"id":7195,"date":"2025-07-23T15:11:26","date_gmt":"2025-07-23T15:11:26","guid":{"rendered":"https:\/\/www.medyakapak.com\/?page_id=7195"},"modified":"2026-01-05T15:47:45","modified_gmt":"2026-01-05T12:47:45","slug":"elementor-7195","status":"publish","type":"page","link":"https:\/\/www.medyakapak.com\/?page_id=7195","title":{"rendered":"Blog H\u00fclya Uz"},"content":{"rendered":"\t\t<div data-elementor-type=\"wp-page\" data-elementor-id=\"7195\" class=\"elementor elementor-7195\">\n\t\t\t\t\t\t<section class=\"elementor-section elementor-top-section elementor-element elementor-element-73f5d09d elementor-section-boxed elementor-section-height-default elementor-section-height-default\" data-id=\"73f5d09d\" data-element_type=\"section\" data-e-type=\"section\">\n\t\t\t\t\t\t<div class=\"elementor-container elementor-column-gap-default\">\n\t\t\t\t\t<div class=\"elementor-column elementor-col-50 elementor-top-column elementor-element elementor-element-18038dac\" data-id=\"18038dac\" data-element_type=\"column\" data-e-type=\"column\">\n\t\t\t<div class=\"elementor-widget-wrap elementor-element-populated\">\n\t\t\t\t\t\t<div class=\"elementor-element elementor-element-3b44662b elementor-widget elementor-widget-empath-post-grid\" data-id=\"3b44662b\" data-element_type=\"widget\" data-e-type=\"widget\" data-widget_type=\"empath-post-grid.default\">\n\t\t\t\t<div class=\"elementor-widget-container\">\n\t\t\t\t\t<div class=\"bytf__post-wrapper\">\r\n        <div class=\"bytf__post-grid-item grid__style-two d-flex align-items-center\">\r\n        <div class=\"bytf__feature-image\">\r\n            <a aria-label=\"name\" href=\"https:\/\/www.medyakapak.com\/?p=7538\">\r\n                <img fetchpriority=\"high\" decoding=\"async\" width=\"1144\" height=\"852\" src=\"https:\/\/www.medyakapak.com\/wp-content\/uploads\/2025\/09\/Screenshot-2025-09-23-145635.jpg\" class=\"attachment-full size-full wp-post-image\" alt=\"\" srcset=\"https:\/\/www.medyakapak.com\/wp-content\/uploads\/2025\/09\/Screenshot-2025-09-23-145635.jpg 1144w, https:\/\/www.medyakapak.com\/wp-content\/uploads\/2025\/09\/Screenshot-2025-09-23-145635-300x223.jpg 300w, https:\/\/www.medyakapak.com\/wp-content\/uploads\/2025\/09\/Screenshot-2025-09-23-145635-1024x763.jpg 1024w, https:\/\/www.medyakapak.com\/wp-content\/uploads\/2025\/09\/Screenshot-2025-09-23-145635-768x572.jpg 768w\" sizes=\"(max-width: 1144px) 100vw, 1144px\" \/>            <\/a>\r\n        <\/div>\r\n        <div class=\"bytf__content\">\r\n                <a aria-label=\"name\" class=\"elementor-common-cate empath-cate-badge\" href=\"https:\/\/www.medyakapak.com\/?cat=31\" style=\"background-color:var(--thm-primary);\">\n        \t<span>H\u00fclya Uz<\/span> \n        <\/a>\n            <a aria-label=\"name\" class=\"elementor-common-cate empath-cate-badge\" href=\"https:\/\/www.medyakapak.com\/?cat=8\" style=\"background-color:#1da5ba;\">\n        \t<span>R\u00f6portaj<\/span> \n        <\/a>\n                <h4 class=\"bytf_post_title\"><a aria-label=\"name\" href=\"https:\/\/www.medyakapak.com\/?p=7538\">DEMET \u015eENER \u201cHAYATIMIN EN MUTLU D\u00d6NEM\u0130N\u0130 YA\u015eIYORUM.\u201d<\/a><\/h4>\r\n            <div class=\"bytf__postmeta-info-wrapper\">\r\n                <div class=\"bytf__postmeta meta__dark\">\r\n                    <ul class=\"d-flex align-items-center\">\r\n                                                    <li class=\"authore\"><img alt='' src='https:\/\/secure.gravatar.com\/avatar\/?s=25&#038;d=mm&#038;r=g' srcset='https:\/\/secure.gravatar.com\/avatar\/?s=50&#038;d=mm&#038;r=g 2x' class='avatar avatar-25 photo avatar-default' height='25' width='25' \/><a href=\"https:\/\/www.medyakapak.com\/?author=4\" title=\"Posts by H\u00fclya Uz\" rel=\"author\">H\u00fclya Uz<\/a><\/li>\r\n                        \r\n                                                    <li><i class=\"fal fa-calendar\"><\/i> 16.10.2025<\/li>\r\n                        \r\n                                            <\/ul>\r\n                <\/div>\r\n                <div class=\"bytf__bookmark bookmark__dark\">\r\n                        <div class=\"bytf__bookmark\">\r\n        <span class=\"bookmark-trigger bookmark-icon \" data-post-id=\"7538\"><i class=\"far fa-bookmark\"><\/i><\/span>\r\n    <\/div>\r\n                    <\/div>\r\n            <\/div>\r\n        <\/div>\r\n    <\/div>\r\n    <div class=\"bytf__post-grid-item grid__style-two d-flex align-items-center\">\r\n        <div class=\"bytf__feature-image\">\r\n            <a aria-label=\"name\" href=\"https:\/\/www.medyakapak.com\/?p=7534\">\r\n                <img decoding=\"async\" width=\"259\" height=\"216\" src=\"https:\/\/www.medyakapak.com\/wp-content\/uploads\/2025\/09\/Screenshot-2025-09-23-145159.jpg\" class=\"attachment-full size-full wp-post-image\" alt=\"\" \/>            <\/a>\r\n        <\/div>\r\n        <div class=\"bytf__content\">\r\n                <a aria-label=\"name\" class=\"elementor-common-cate empath-cate-badge\" href=\"https:\/\/www.medyakapak.com\/?cat=31\" style=\"background-color:var(--thm-primary);\">\n        \t<span>H\u00fclya Uz<\/span> \n        <\/a>\n            <a aria-label=\"name\" class=\"elementor-common-cate empath-cate-badge\" href=\"https:\/\/www.medyakapak.com\/?cat=8\" style=\"background-color:#1da5ba;\">\n        \t<span>R\u00f6portaj<\/span> \n        <\/a>\n                <h4 class=\"bytf_post_title\"><a aria-label=\"name\" href=\"https:\/\/www.medyakapak.com\/?p=7534\">B\u0130RL\u0130KTE BA\u015eARDIK<\/a><\/h4>\r\n            <div class=\"bytf__postmeta-info-wrapper\">\r\n                <div class=\"bytf__postmeta meta__dark\">\r\n                    <ul class=\"d-flex align-items-center\">\r\n                                                    <li class=\"authore\"><img alt='' src='https:\/\/secure.gravatar.com\/avatar\/?s=25&#038;d=mm&#038;r=g' srcset='https:\/\/secure.gravatar.com\/avatar\/?s=50&#038;d=mm&#038;r=g 2x' class='avatar avatar-25 photo avatar-default' height='25' width='25' \/><a href=\"https:\/\/www.medyakapak.com\/?author=4\" title=\"Posts by H\u00fclya Uz\" rel=\"author\">H\u00fclya Uz<\/a><\/li>\r\n                        \r\n                                                    <li><i class=\"fal fa-calendar\"><\/i> 22.09.2025<\/li>\r\n                        \r\n                                            <\/ul>\r\n                <\/div>\r\n                <div class=\"bytf__bookmark bookmark__dark\">\r\n                        <div class=\"bytf__bookmark\">\r\n        <span class=\"bookmark-trigger bookmark-icon \" data-post-id=\"7534\"><i class=\"far fa-bookmark\"><\/i><\/span>\r\n    <\/div>\r\n                    <\/div>\r\n            <\/div>\r\n        <\/div>\r\n    <\/div>\r\n    <div class=\"bytf__post-grid-item grid__style-two d-flex align-items-center\">\r\n        <div class=\"bytf__feature-image\">\r\n            <a aria-label=\"name\" href=\"https:\/\/www.medyakapak.com\/?p=1\">\r\n                <img decoding=\"async\" width=\"419\" height=\"205\" src=\"https:\/\/www.medyakapak.com\/wp-content\/uploads\/2025\/05\/Screenshot-2025-07-23-210216.webp\" class=\"attachment-full size-full wp-post-image\" alt=\"\" srcset=\"https:\/\/www.medyakapak.com\/wp-content\/uploads\/2025\/05\/Screenshot-2025-07-23-210216.webp 419w, https:\/\/www.medyakapak.com\/wp-content\/uploads\/2025\/05\/Screenshot-2025-07-23-210216-300x147.webp 300w\" sizes=\"(max-width: 419px) 100vw, 419px\" \/>            <\/a>\r\n        <\/div>\r\n        <div class=\"bytf__content\">\r\n                <a aria-label=\"name\" class=\"elementor-common-cate empath-cate-badge\" href=\"https:\/\/www.medyakapak.com\/?cat=31\" style=\"background-color:var(--thm-primary);\">\n        \t<span>H\u00fclya Uz<\/span> \n        <\/a>\n            <a aria-label=\"name\" class=\"elementor-common-cate empath-cate-badge\" href=\"https:\/\/www.medyakapak.com\/?cat=38\" style=\"background-color:var(--thm-primary);\">\n        \t<span>Yazi<\/span> \n        <\/a>\n                <h4 class=\"bytf_post_title\"><a aria-label=\"name\" href=\"https:\/\/www.medyakapak.com\/?p=1\">\u0130LK YAZI \u0130LK HEYECAN\u2026<\/a><\/h4>\r\n            <div class=\"bytf__postmeta-info-wrapper\">\r\n                <div class=\"bytf__postmeta meta__dark\">\r\n                    <ul class=\"d-flex align-items-center\">\r\n                                                    <li class=\"authore\"><img alt='' src='https:\/\/secure.gravatar.com\/avatar\/?s=25&#038;d=mm&#038;r=g' srcset='https:\/\/secure.gravatar.com\/avatar\/?s=50&#038;d=mm&#038;r=g 2x' class='avatar avatar-25 photo avatar-default' height='25' width='25' \/><a href=\"https:\/\/www.medyakapak.com\/?author=4\" title=\"Posts by H\u00fclya Uz\" rel=\"author\">H\u00fclya Uz<\/a><\/li>\r\n                        \r\n                                                    <li><i class=\"fal fa-calendar\"><\/i> 07.05.2025<\/li>\r\n                        \r\n                                            <\/ul>\r\n                <\/div>\r\n                <div class=\"bytf__bookmark bookmark__dark\">\r\n                        <div class=\"bytf__bookmark\">\r\n        <span class=\"bookmark-trigger bookmark-icon \" data-post-id=\"1\"><i class=\"far fa-bookmark\"><\/i><\/span>\r\n    <\/div>\r\n                    <\/div>\r\n            <\/div>\r\n        <\/div>\r\n    <\/div>\r\n   \r\n<\/div>\t\t\t\t<\/div>\n\t\t\t\t<\/div>\n\t\t\t\t\t<\/div>\n\t\t<\/div>\n\t\t\t\t<div class=\"elementor-column elementor-col-50 elementor-top-column elementor-element elementor-element-113ed4b5\" data-id=\"113ed4b5\" data-element_type=\"column\" data-e-type=\"column\">\n\t\t\t<div class=\"elementor-widget-wrap elementor-element-populated\">\n\t\t\t\t\t\t<div class=\"elementor-element elementor-element-625b22de elementor-widget elementor-widget-empath-post-grid\" data-id=\"625b22de\" data-element_type=\"widget\" data-e-type=\"widget\" data-widget_type=\"empath-post-grid.default\">\n\t\t\t\t<div class=\"elementor-widget-container\">\n\t\t\t\t\t<div class=\"bytf__post-wrapper\">\r\n       \r\n<\/div>\t\t\t\t<\/div>\n\t\t\t\t<\/div>\n\t\t\t\t\t<\/div>\n\t\t<\/div>\n\t\t\t\t\t<\/div>\n\t\t<\/section>\n\t\t\t\t<\/div>\n\t\t","protected":false},"excerpt":{"rendered":"<p>H\u00fclya Uz R\u00f6portaj DEMET \u015eENER \u201cHAYATIMIN EN MUTLU D\u00d6NEM\u0130N\u0130 YA\u015eIYORUM.\u201d H\u00fclya Uz 16.10.2025 H\u00fclya Uz R\u00f6portaj B\u0130RL\u0130KTE BA\u015eARDIK H\u00fclya Uz 22.09.2025 H\u00fclya Uz Yazi \u0130LK YAZI \u0130LK HEYECAN\u2026 H\u00fclya Uz 07.05.2025<\/p>\n","protected":false},"author":2,"featured_media":0,"parent":0,"menu_order":0,"comment_status":"closed","ping_status":"closed","template":"","meta":{"footnotes":""},"class_list":["post-7195","page","type-page","status-publish","hentry"],"_links":{"self":[{"href":"https:\/\/www.medyakapak.com\/index.php?rest_route=\/wp\/v2\/pages\/7195","targetHints":{"allow":["GET"]}}],"collection":[{"href":"https:\/\/www.medyakapak.com\/index.php?rest_route=\/wp\/v2\/pages"}],"about":[{"href":"https:\/\/www.medyakapak.com\/index.php?rest_route=\/wp\/v2\/types\/page"}],"author":[{"embeddable":true,"href":"https:\/\/www.medyakapak.com\/index.php?rest_route=\/wp\/v2\/users\/2"}],"replies":[{"embeddable":true,"href":"https:\/\/www.medyakapak.com\/index.php?rest_route=%2Fwp%2Fv2%2Fcomments&post=7195"}],"version-history":[{"count":3,"href":"https:\/\/www.medyakapak.com\/index.php?rest_route=\/wp\/v2\/pages\/7195\/revisions"}],"predecessor-version":[{"id":7886,"href":"https:\/\/www.medyakapak.com\/index.php?rest_route=\/wp\/v2\/pages\/7195\/revisions\/7886"}],"wp:attachment":[{"href":"https:\/\/www.medyakapak.com\/index.php?rest_route=%2Fwp%2Fv2%2Fmedia&parent=7195"}],"curies":[{"name":"wp","href":"https:\/\/api.w.org\/{rel}","templated":true}]}}