{"id":7073,"date":"2025-07-21T16:43:13","date_gmt":"2025-07-21T16:43:13","guid":{"rendered":"https:\/\/www.medyakapak.com\/?page_id=7073"},"modified":"2025-10-13T18:02:03","modified_gmt":"2025-10-13T15:02:03","slug":"7073-2","status":"publish","type":"page","link":"https:\/\/www.medyakapak.com\/?page_id=7073","title":{"rendered":"Yazarlar"},"content":{"rendered":"\t\t<div data-elementor-type=\"wp-page\" data-elementor-id=\"7073\" class=\"elementor elementor-7073\">\n\t\t\t\t<div class=\"elementor-element elementor-element-e753754 e-flex e-con-boxed e-con e-parent\" data-id=\"e753754\" data-element_type=\"container\" data-e-type=\"container\">\n\t\t\t\t\t<div class=\"e-con-inner\">\n\t\t\t\t<div class=\"elementor-element elementor-element-9c14295 elementor-widget elementor-widget-heading\" data-id=\"9c14295\" data-element_type=\"widget\" data-e-type=\"widget\" data-widget_type=\"heading.default\">\n\t\t\t\t\t<h1 class=\"elementor-heading-title elementor-size-default\">Yazarlar<\/h1>\t\t\t\t<\/div>\n\t\t\t\t\t<\/div>\n\t\t\t\t<\/div>\n\t\t<div class=\"elementor-element elementor-element-d753d3d e-grid e-con-boxed e-con e-parent\" data-id=\"d753d3d\" data-element_type=\"container\" data-e-type=\"container\">\n\t\t\t\t\t<div class=\"e-con-inner\">\n\t\t<div class=\"elementor-element elementor-element-9e7ab42 e-con-full e-flex e-con e-child\" data-id=\"9e7ab42\" data-element_type=\"container\" data-e-type=\"container\">\n\t\t\t\t<div class=\"elementor-element elementor-element-5d47736 elementor-widget__width-initial elementor-widget elementor-widget-image\" data-id=\"5d47736\" data-element_type=\"widget\" data-e-type=\"widget\" data-widget_type=\"image.default\">\n\t\t\t\t\t\t\t\t\t\t\t\t\t\t\t<img decoding=\"async\" width=\"150\" height=\"150\" src=\"https:\/\/www.medyakapak.com\/wp-content\/uploads\/2025\/09\/Screenshot-2025-09-23-145159-150x150.jpg\" class=\"attachment-thumbnail size-thumbnail wp-image-7536\" alt=\"\" \/>\t\t\t\t\t\t\t\t\t\t\t\t\t\t\t<\/div>\n\t\t\t\t<div class=\"elementor-element elementor-element-43e6c90 elementor-widget elementor-widget-heading\" data-id=\"43e6c90\" data-element_type=\"widget\" data-e-type=\"widget\" data-widget_type=\"heading.default\">\n\t\t\t\t\t<h3 class=\"elementor-heading-title elementor-size-default\"><a href=\"https:\/\/www.medyakapak.com\/?page_id=7195\">H\u00fclya Uz<\/a><\/h3>\t\t\t\t<\/div>\n\t\t\t\t<\/div>\n\t\t<div class=\"elementor-element elementor-element-9378400 e-con-full e-flex e-con e-child\" data-id=\"9378400\" data-element_type=\"container\" data-e-type=\"container\">\n\t\t\t\t<div class=\"elementor-element elementor-element-805241e elementor-widget elementor-widget-image\" data-id=\"805241e\" data-element_type=\"widget\" data-e-type=\"widget\" data-widget_type=\"image.default\">\n\t\t\t\t\t\t\t\t\t\t\t\t\t\t\t<img decoding=\"async\" width=\"150\" height=\"150\" src=\"https:\/\/www.medyakapak.com\/wp-content\/uploads\/2025\/09\/PHOTO-2025-08-07-16-34-19-e1759257718169-150x150.jpg\" class=\"attachment-thumbnail size-thumbnail wp-image-7577\" alt=\"\" srcset=\"https:\/\/www.medyakapak.com\/wp-content\/uploads\/2025\/09\/PHOTO-2025-08-07-16-34-19-e1759257718169-150x150.jpg 150w, https:\/\/www.medyakapak.com\/wp-content\/uploads\/2025\/09\/PHOTO-2025-08-07-16-34-19-e1759257718169-300x297.jpg 300w\" sizes=\"(max-width: 150px) 100vw, 150px\" \/>\t\t\t\t\t\t\t\t\t\t\t\t\t\t\t<\/div>\n\t\t\t\t<div class=\"elementor-element elementor-element-eb96713 elementor-widget elementor-widget-heading\" data-id=\"eb96713\" data-element_type=\"widget\" data-e-type=\"widget\" data-widget_type=\"heading.default\">\n\t\t\t\t\t<h3 class=\"elementor-heading-title elementor-size-default\"><a href=\"https:\/\/www.medyakapak.com\/?page_id=7232\">Nihal Demirbilek<\/a><\/h3>\t\t\t\t<\/div>\n\t\t\t\t<\/div>\n\t\t<div class=\"elementor-element elementor-element-a816542 e-con-full e-flex e-con e-child\" data-id=\"a816542\" data-element_type=\"container\" data-e-type=\"container\">\n\t\t\t\t<div class=\"elementor-element elementor-element-23aa235 elementor-widget elementor-widget-image\" data-id=\"23aa235\" data-element_type=\"widget\" data-e-type=\"widget\" data-widget_type=\"image.default\">\n\t\t\t\t\t\t\t\t\t\t\t\t\t\t\t<img decoding=\"async\" width=\"150\" height=\"150\" src=\"https:\/\/www.medyakapak.com\/wp-content\/uploads\/2025\/09\/PHOTO-2025-08-09-15-21-03-e1759258273605-150x150.jpg\" class=\"attachment-thumbnail size-thumbnail wp-image-7575\" alt=\"\" \/>\t\t\t\t\t\t\t\t\t\t\t\t\t\t\t<\/div>\n\t\t\t\t<div class=\"elementor-element elementor-element-96b7f8e elementor-widget elementor-widget-heading\" data-id=\"96b7f8e\" data-element_type=\"widget\" data-e-type=\"widget\" data-widget_type=\"heading.default\">\n\t\t\t\t\t<h3 class=\"elementor-heading-title elementor-size-default\">Hasan F\u0131rat<\/h3>\t\t\t\t<\/div>\n\t\t\t\t<\/div>\n\t\t<div class=\"elementor-element elementor-element-c2540a8 e-con-full e-flex e-con e-child\" data-id=\"c2540a8\" data-element_type=\"container\" data-e-type=\"container\">\n\t\t\t\t<div class=\"elementor-element elementor-element-03fe112 elementor-widget elementor-widget-image\" data-id=\"03fe112\" data-element_type=\"widget\" data-e-type=\"widget\" data-widget_type=\"image.default\">\n\t\t\t\t\t\t\t\t\t\t\t\t\t\t\t<img loading=\"lazy\" decoding=\"async\" width=\"150\" height=\"150\" src=\"https:\/\/www.medyakapak.com\/wp-content\/uploads\/2025\/09\/PHOTO-2025-08-13-15-12-14-e1759258421650-150x150.jpg\" class=\"attachment-thumbnail size-thumbnail wp-image-7576\" alt=\"\" srcset=\"https:\/\/www.medyakapak.com\/wp-content\/uploads\/2025\/09\/PHOTO-2025-08-13-15-12-14-e1759258421650-150x150.jpg 150w, https:\/\/www.medyakapak.com\/wp-content\/uploads\/2025\/09\/PHOTO-2025-08-13-15-12-14-e1759258421650-298x300.jpg 298w, https:\/\/www.medyakapak.com\/wp-content\/uploads\/2025\/09\/PHOTO-2025-08-13-15-12-14-e1759258421650-1016x1024.jpg 1016w, https:\/\/www.medyakapak.com\/wp-content\/uploads\/2025\/09\/PHOTO-2025-08-13-15-12-14-e1759258421650-768x774.jpg 768w, https:\/\/www.medyakapak.com\/wp-content\/uploads\/2025\/09\/PHOTO-2025-08-13-15-12-14-e1759258421650.jpg 1200w\" sizes=\"(max-width: 150px) 100vw, 150px\" \/>\t\t\t\t\t\t\t\t\t\t\t\t\t\t\t<\/div>\n\t\t\t\t<div class=\"elementor-element elementor-element-f0b6926 elementor-widget elementor-widget-heading\" data-id=\"f0b6926\" data-element_type=\"widget\" data-e-type=\"widget\" data-widget_type=\"heading.default\">\n\t\t\t\t\t<h3 class=\"elementor-heading-title elementor-size-default\"><a href=\"https:\/\/www.medyakapak.com\/?page_id=7234\">Ha\u015fim G\u00fcreli<\/a><\/h3>\t\t\t\t<\/div>\n\t\t\t\t<\/div>\n\t\t<div class=\"elementor-element elementor-element-0e4b6ef e-con-full e-flex e-con e-child\" data-id=\"0e4b6ef\" data-element_type=\"container\" data-e-type=\"container\">\n\t\t\t\t<div class=\"elementor-element elementor-element-4a20e2c elementor-widget elementor-widget-image\" data-id=\"4a20e2c\" data-element_type=\"widget\" data-e-type=\"widget\" data-widget_type=\"image.default\">\n\t\t\t\t\t\t\t\t\t\t\t\t\t\t\t<img loading=\"lazy\" decoding=\"async\" width=\"150\" height=\"150\" src=\"https:\/\/www.medyakapak.com\/wp-content\/uploads\/2025\/09\/Ekran-Resmi-2025-09-30-18.15.56-e1759264329587-150x150.jpg\" class=\"attachment-thumbnail size-thumbnail wp-image-7591\" alt=\"\" srcset=\"https:\/\/www.medyakapak.com\/wp-content\/uploads\/2025\/09\/Ekran-Resmi-2025-09-30-18.15.56-e1759264329587-150x150.jpg 150w, https:\/\/www.medyakapak.com\/wp-content\/uploads\/2025\/09\/Ekran-Resmi-2025-09-30-18.15.56-e1759264329587-300x300.jpg 300w, https:\/\/www.medyakapak.com\/wp-content\/uploads\/2025\/09\/Ekran-Resmi-2025-09-30-18.15.56-e1759264329587-768x766.jpg 768w, https:\/\/www.medyakapak.com\/wp-content\/uploads\/2025\/09\/Ekran-Resmi-2025-09-30-18.15.56-e1759264329587.jpg 960w\" sizes=\"(max-width: 150px) 100vw, 150px\" \/>\t\t\t\t\t\t\t\t\t\t\t\t\t\t\t<\/div>\n\t\t\t\t<div class=\"elementor-element elementor-element-4d54d59 elementor-widget elementor-widget-heading\" data-id=\"4d54d59\" data-element_type=\"widget\" data-e-type=\"widget\" data-widget_type=\"heading.default\">\n\t\t\t\t\t<h3 class=\"elementor-heading-title elementor-size-default\"><a href=\"https:\/\/www.medyakapak.com\/?page_id=7236\">Kemal \u00d6zcanl\u0131<\/a><\/h3>\t\t\t\t<\/div>\n\t\t\t\t<\/div>\n\t\t<div class=\"elementor-element elementor-element-1c20b57 e-con-full e-flex e-con e-child\" data-id=\"1c20b57\" data-element_type=\"container\" data-e-type=\"container\">\n\t\t\t\t<div class=\"elementor-element elementor-element-1c1cbbb elementor-widget elementor-widget-image\" data-id=\"1c1cbbb\" data-element_type=\"widget\" data-e-type=\"widget\" data-widget_type=\"image.default\">\n\t\t\t\t\t\t\t\t\t\t\t\t\t\t\t<img loading=\"lazy\" decoding=\"async\" width=\"150\" height=\"150\" src=\"https:\/\/www.medyakapak.com\/wp-content\/uploads\/2025\/09\/PHOTO-2025-03-24-17-27-43-e1759259210278-150x150.jpg\" class=\"attachment-thumbnail size-thumbnail wp-image-7580\" alt=\"\" \/>\t\t\t\t\t\t\t\t\t\t\t\t\t\t\t<\/div>\n\t\t\t\t<div class=\"elementor-element elementor-element-294aef2 elementor-widget elementor-widget-heading\" data-id=\"294aef2\" data-element_type=\"widget\" data-e-type=\"widget\" data-widget_type=\"heading.default\">\n\t\t\t\t\t<h3 class=\"elementor-heading-title elementor-size-default\"><a href=\"https:\/\/www.medyakapak.com\/?page_id=7235\">\u0130hsan Ayd\u0131n<\/a><\/h3>\t\t\t\t<\/div>\n\t\t\t\t<\/div>\n\t\t<div class=\"elementor-element elementor-element-4a7fcde e-con-full e-flex e-con e-child\" data-id=\"4a7fcde\" data-element_type=\"container\" data-e-type=\"container\">\n\t\t\t\t<div class=\"elementor-element elementor-element-f44b4e0 elementor-widget elementor-widget-image\" data-id=\"f44b4e0\" data-element_type=\"widget\" data-e-type=\"widget\" data-widget_type=\"image.default\">\n\t\t\t\t\t\t\t\t\t\t\t\t\t\t\t<img loading=\"lazy\" decoding=\"async\" width=\"150\" height=\"150\" src=\"https:\/\/www.medyakapak.com\/wp-content\/uploads\/2025\/07\/Screenshot-2025-07-23-182502-150x150.webp\" class=\"attachment-thumbnail size-thumbnail wp-image-7220\" alt=\"\" \/>\t\t\t\t\t\t\t\t\t\t\t\t\t\t\t<\/div>\n\t\t\t\t<div class=\"elementor-element elementor-element-4a838d5 elementor-widget elementor-widget-heading\" data-id=\"4a838d5\" data-element_type=\"widget\" data-e-type=\"widget\" data-widget_type=\"heading.default\">\n\t\t\t\t\t<h3 class=\"elementor-heading-title elementor-size-default\"><a href=\"https:\/\/www.medyakapak.com\/?page_id=7233\">Tolga Bostanc\u0131\n<\/a><\/h3>\t\t\t\t<\/div>\n\t\t\t\t<\/div>\n\t\t<div class=\"elementor-element elementor-element-b32ccfa e-con-full e-flex e-con e-child\" data-id=\"b32ccfa\" data-element_type=\"container\" data-e-type=\"container\">\n\t\t\t\t<div class=\"elementor-element elementor-element-0d9f345 elementor-widget elementor-widget-image\" data-id=\"0d9f345\" data-element_type=\"widget\" data-e-type=\"widget\" data-widget_type=\"image.default\">\n\t\t\t\t\t\t\t\t\t\t\t\t\t\t\t<img loading=\"lazy\" decoding=\"async\" width=\"150\" height=\"150\" src=\"https:\/\/www.medyakapak.com\/wp-content\/uploads\/2025\/09\/PHOTO-2025-08-02-15-25-00-e1759259276703-150x150.jpg\" class=\"attachment-thumbnail size-thumbnail wp-image-7578\" alt=\"\" \/>\t\t\t\t\t\t\t\t\t\t\t\t\t\t\t<\/div>\n\t\t\t\t<div class=\"elementor-element elementor-element-4a17ade elementor-widget elementor-widget-heading\" data-id=\"4a17ade\" data-element_type=\"widget\" data-e-type=\"widget\" data-widget_type=\"heading.default\">\n\t\t\t\t\t<h3 class=\"elementor-heading-title elementor-size-default\">Eda<\/h3>\t\t\t\t<\/div>\n\t\t\t\t<\/div>\n\t\t<div class=\"elementor-element elementor-element-ecaa4b6 e-con-full e-flex e-con e-child\" data-id=\"ecaa4b6\" data-element_type=\"container\" data-e-type=\"container\">\n\t\t\t\t<div class=\"elementor-element elementor-element-e06bbc3 elementor-widget elementor-widget-image\" data-id=\"e06bbc3\" data-element_type=\"widget\" data-e-type=\"widget\" data-widget_type=\"image.default\">\n\t\t\t\t\t\t\t\t\t\t\t\t\t\t\t<img loading=\"lazy\" decoding=\"async\" width=\"150\" height=\"150\" src=\"https:\/\/www.medyakapak.com\/wp-content\/uploads\/2025\/09\/IMG_5562-scaled-e1759259619804-150x150.jpeg\" class=\"attachment-thumbnail size-thumbnail wp-image-7574\" alt=\"\" \/>\t\t\t\t\t\t\t\t\t\t\t\t\t\t\t<\/div>\n\t\t\t\t<div class=\"elementor-element elementor-element-93f4873 elementor-widget elementor-widget-heading\" data-id=\"93f4873\" data-element_type=\"widget\" data-e-type=\"widget\" data-widget_type=\"heading.default\">\n\t\t\t\t\t<h3 class=\"elementor-heading-title elementor-size-default\">Alperen Ayd\u0131n<\/h3>\t\t\t\t<\/div>\n\t\t\t\t<\/div>\n\t\t\t\t\t<\/div>\n\t\t\t\t<\/div>\n\t\t\t\t<\/div>\n\t\t","protected":false},"excerpt":{"rendered":"<p>Yazarlar H\u00fclya Uz Nihal Demirbilek Hasan F\u0131rat Ha\u015fim G\u00fcreli Kemal \u00d6zcanl\u0131 \u0130hsan Ayd\u0131n Tolga Bostanc\u0131 Eda Alperen Ayd\u0131n<\/p>\n","protected":false},"author":2,"featured_media":0,"parent":0,"menu_order":0,"comment_status":"closed","ping_status":"closed","template":"","meta":{"footnotes":""},"class_list":["post-7073","page","type-page","status-publish","hentry"],"_links":{"self":[{"href":"https:\/\/www.medyakapak.com\/index.php?rest_route=\/wp\/v2\/pages\/7073","targetHints":{"allow":["GET"]}}],"collection":[{"href":"https:\/\/www.medyakapak.com\/index.php?rest_route=\/wp\/v2\/pages"}],"about":[{"href":"https:\/\/www.medyakapak.com\/index.php?rest_route=\/wp\/v2\/types\/page"}],"author":[{"embeddable":true,"href":"https:\/\/www.medyakapak.com\/index.php?rest_route=\/wp\/v2\/users\/2"}],"replies":[{"embeddable":true,"href":"https:\/\/www.medyakapak.com\/index.php?rest_route=%2Fwp%2Fv2%2Fcomments&post=7073"}],"version-history":[{"count":21,"href":"https:\/\/www.medyakapak.com\/index.php?rest_route=\/wp\/v2\/pages\/7073\/revisions"}],"predecessor-version":[{"id":7758,"href":"https:\/\/www.medyakapak.com\/index.php?rest_route=\/wp\/v2\/pages\/7073\/revisions\/7758"}],"wp:attachment":[{"href":"https:\/\/www.medyakapak.com\/index.php?rest_route=%2Fwp%2Fv2%2Fmedia&parent=7073"}],"curies":[{"name":"wp","href":"https:\/\/api.w.org\/{rel}","templated":true}]}}