{"id":2268,"date":"2024-06-28T13:10:03","date_gmt":"2024-06-28T13:10:03","guid":{"rendered":"http:\/\/byteflows.net\/wp\/empath\/?page_id=2268"},"modified":"2025-08-28T11:16:05","modified_gmt":"2025-08-28T11:16:05","slug":"about-us","status":"publish","type":"page","link":"https:\/\/www.medyakapak.com\/?page_id=2268","title":{"rendered":"Hakk\u0131m\u0131zda"},"content":{"rendered":"\t\t<div data-elementor-type=\"wp-page\" data-elementor-id=\"2268\" class=\"elementor elementor-2268\">\n\t\t\t\t\t\t<section class=\"elementor-section elementor-top-section elementor-element elementor-element-14229b36 elementor-section-content-middle elementor-section-boxed elementor-section-height-default elementor-section-height-default\" data-id=\"14229b36\" data-element_type=\"section\" data-e-type=\"section\">\n\t\t\t\t\t\t<div class=\"elementor-container elementor-column-gap-default\">\n\t\t\t\t\t<div class=\"elementor-column elementor-col-50 elementor-top-column elementor-element elementor-element-3546c8e1\" data-id=\"3546c8e1\" data-element_type=\"column\" data-e-type=\"column\">\n\t\t\t<div class=\"elementor-widget-wrap elementor-element-populated\">\n\t\t\t\t\t\t<div class=\"elementor-element elementor-element-44c64cf1 elementor-widget elementor-widget-image\" data-id=\"44c64cf1\" data-element_type=\"widget\" data-e-type=\"widget\" data-widget_type=\"image.default\">\n\t\t\t\t\t\t\t\t\t\t\t\t\t\t\t<img fetchpriority=\"high\" decoding=\"async\" width=\"1843\" height=\"1482\" src=\"https:\/\/www.medyakapak.com\/wp-content\/uploads\/2025\/07\/Mixed-Feelings-at-Istanbuls-Grand-Bazaar.webp\" class=\"attachment-full size-full wp-image-6996\" alt=\"\" srcset=\"https:\/\/www.medyakapak.com\/wp-content\/uploads\/2025\/07\/Mixed-Feelings-at-Istanbuls-Grand-Bazaar.webp 1843w, https:\/\/www.medyakapak.com\/wp-content\/uploads\/2025\/07\/Mixed-Feelings-at-Istanbuls-Grand-Bazaar-300x241.webp 300w, https:\/\/www.medyakapak.com\/wp-content\/uploads\/2025\/07\/Mixed-Feelings-at-Istanbuls-Grand-Bazaar-1024x823.webp 1024w, https:\/\/www.medyakapak.com\/wp-content\/uploads\/2025\/07\/Mixed-Feelings-at-Istanbuls-Grand-Bazaar-768x618.webp 768w, https:\/\/www.medyakapak.com\/wp-content\/uploads\/2025\/07\/Mixed-Feelings-at-Istanbuls-Grand-Bazaar-1536x1235.webp 1536w\" sizes=\"(max-width: 1843px) 100vw, 1843px\" \/>\t\t\t\t\t\t\t\t\t\t\t\t\t\t\t<\/div>\n\t\t\t\t\t<\/div>\n\t\t<\/div>\n\t\t\t\t<div class=\"elementor-column elementor-col-50 elementor-top-column elementor-element elementor-element-1671af26\" data-id=\"1671af26\" data-element_type=\"column\" data-e-type=\"column\">\n\t\t\t<div class=\"elementor-widget-wrap elementor-element-populated\">\n\t\t\t\t\t\t<div class=\"elementor-element elementor-element-2de73753 elementor-widget elementor-widget-heading\" data-id=\"2de73753\" data-element_type=\"widget\" data-e-type=\"widget\" data-widget_type=\"heading.default\">\n\t\t\t\t\t<h2 class=\"elementor-heading-title elementor-size-default\">Hakk\u0131m\u0131zda<\/h2>\t\t\t\t<\/div>\n\t\t\t\t<div class=\"elementor-element elementor-element-65d3985a elementor-widget__width-initial elementor-widget elementor-widget-text-editor\" data-id=\"65d3985a\" data-element_type=\"widget\" data-e-type=\"widget\" data-widget_type=\"text-editor.default\">\n\t\t\t\t\t\t\t\t\t<h6>H\u00fclya Uz ve Nihal Demirbilek, i\u00e7erik ve ileti\u015fim d\u00fcnyas\u0131n\u0131n iki farkl\u0131 alan\u0131ndan gelen ama ayn\u0131 vizyonla bulu\u015fan iki isim. Bu birliktelik; g\u00fc\u00e7l\u00fc anlat\u0131lar, yarat\u0131c\u0131 projeler ve s\u00fcrd\u00fcr\u00fclebilir yay\u0131nc\u0131l\u0131k anlay\u0131\u015f\u0131yla beslenen bir i\u015f ortakl\u0131\u011f\u0131na d\u00f6n\u00fc\u015ft\u00fc.<\/h6><h6>\u2028 Gazeteci kimli\u011fiyle \u00f6ne \u00e7\u0131kan H\u00fclya Uz, medya d\u00fcnyas\u0131nda uzun y\u0131llar boyunca haber, r\u00f6portaj, \u00f6zel dosya ve k\u00fclt\u00fcr-sanat magazin i\u00e7erikleriyle \u00f6nemli bir birikim olu\u015fturmu\u015ftur. S\u00f6zc\u00fcklerin, detaylar\u0131n ve anlat\u0131n\u0131n izini s\u00fcren bir edit\u00f6ryal bak\u0131\u015fa sahiptir. Kalemini sadece bilgi vermek i\u00e7in de\u011fil; ba\u011f kurmak, g\u00f6r\u00fcnmeyeni g\u00f6r\u00fcn\u00fcr k\u0131lmak ve anlam \u00fcretmek i\u00e7in kullan\u0131r.<\/h6><h6>\u2028 Nihal Demirbilek ise reklam ve ileti\u015fim alan\u0131ndaki deneyimiyle projelere stratejik bir derinlik kazand\u0131r\u0131r. Kurumsal kimlik, medya planlamas\u0131, mecra y\u00f6netimi, sat\u0131\u015f ve i\u015f geli\u015ftirme konular\u0131nda uzmanla\u015fm\u0131\u015ft\u0131r. Yarat\u0131c\u0131 fikirleri somut projelere d\u00f6n\u00fc\u015ft\u00fcrme becerisiyle i\u00e7erik \u00fcretim s\u00fcre\u00e7lerini tamamlay\u0131c\u0131 bir rol \u00fcstlenir.<\/h6><h6>\u2028 Birlikte; markalar, kurumlar, dernekler ya da bireyler i\u00e7in \u00f6zel projeler geli\u015ftirirler. Kurumsal yay\u0131nlar, r\u00f6portaj dizileri, tematik i\u00e7erik platformlar\u0131, dijital medya kampanyalar\u0131, konsept kitap\u00e7\u0131klar ve yarat\u0131c\u0131 ileti\u015fim \u00e7\u00f6z\u00fcmleri bu \u00fcretim alanlar\u0131n\u0131n ba\u015fl\u0131calar\u0131d\u0131r. Her i\u015fte ortak bir dil yaratmak, hik\u00e2yeye sad\u0131k kalmak ve projeyi stratejik bir vizyonla \u015fekillendirmek temel yakla\u015f\u0131mlar\u0131d\u0131r.<\/h6><h6>\u2028 H\u00fclya Uz ve Nihal Demirbilek i\u015f birli\u011fiyle ortaya \u00e7\u0131kan her proje; i\u00e7erik ile ileti\u015fimin, fikir ile esteti\u011fin bulu\u015ftu\u011fu bir zemin sunar.<\/h6><h6>Yaz\u0131l\u0131r. D\u00fc\u015f\u00fcn\u00fcl\u00fcr. Tasarlan\u0131r. Uygulan\u0131r.<\/h6><h6>\u2028 Ve her \u015fey, iyi bir hik\u00e2yeyle ba\u015flar.<\/h6>\t\t\t\t\t\t\t\t<\/div>\n\t\t\t\t<div class=\"elementor-element elementor-element-37e29d49 elementor-widget elementor-widget-button\" data-id=\"37e29d49\" data-element_type=\"widget\" data-e-type=\"widget\" data-widget_type=\"button.default\">\n\t\t\t\t\t\t\t\t\t\t<a class=\"elementor-button elementor-button-link elementor-size-sm\" href=\"#\">\n\t\t\t\t\t\t<span class=\"elementor-button-content-wrapper\">\n\t\t\t\t\t\t\t\t\t<span class=\"elementor-button-text\">Daha Fazla<\/span>\n\t\t\t\t\t<\/span>\n\t\t\t\t\t<\/a>\n\t\t\t\t\t\t\t\t<\/div>\n\t\t\t\t\t<\/div>\n\t\t<\/div>\n\t\t\t\t\t<\/div>\n\t\t<\/section>\n\t\t\t\t<\/div>\n\t\t","protected":false},"excerpt":{"rendered":"<p>Hakk\u0131m\u0131zda H\u00fclya Uz ve Nihal Demirbilek, i\u00e7erik ve ileti\u015fim d\u00fcnyas\u0131n\u0131n iki farkl\u0131 alan\u0131ndan gelen ama ayn\u0131 vizyonla bulu\u015fan iki isim. Bu birliktelik; g\u00fc\u00e7l\u00fc anlat\u0131lar, yarat\u0131c\u0131 projeler ve s\u00fcrd\u00fcr\u00fclebilir yay\u0131nc\u0131l\u0131k anlay\u0131\u015f\u0131yla beslenen bir i\u015f ortakl\u0131\u011f\u0131na d\u00f6n\u00fc\u015ft\u00fc. \u2028 Gazeteci kimli\u011fiyle \u00f6ne \u00e7\u0131kan H\u00fclya Uz, medya d\u00fcnyas\u0131nda uzun y\u0131llar boyunca haber, r\u00f6portaj, \u00f6zel dosya ve k\u00fclt\u00fcr-sanat magazin i\u00e7erikleriyle [&hellip;]<\/p>\n","protected":false},"author":1,"featured_media":0,"parent":0,"menu_order":0,"comment_status":"closed","ping_status":"closed","template":"elementor_header_footer","meta":{"footnotes":""},"class_list":["post-2268","page","type-page","status-publish","hentry"],"_links":{"self":[{"href":"https:\/\/www.medyakapak.com\/index.php?rest_route=\/wp\/v2\/pages\/2268","targetHints":{"allow":["GET"]}}],"collection":[{"href":"https:\/\/www.medyakapak.com\/index.php?rest_route=\/wp\/v2\/pages"}],"about":[{"href":"https:\/\/www.medyakapak.com\/index.php?rest_route=\/wp\/v2\/types\/page"}],"author":[{"embeddable":true,"href":"https:\/\/www.medyakapak.com\/index.php?rest_route=\/wp\/v2\/users\/1"}],"replies":[{"embeddable":true,"href":"https:\/\/www.medyakapak.com\/index.php?rest_route=%2Fwp%2Fv2%2Fcomments&post=2268"}],"version-history":[{"count":0,"href":"https:\/\/www.medyakapak.com\/index.php?rest_route=\/wp\/v2\/pages\/2268\/revisions"}],"wp:attachment":[{"href":"https:\/\/www.medyakapak.com\/index.php?rest_route=%2Fwp%2Fv2%2Fmedia&parent=2268"}],"curies":[{"name":"wp","href":"https:\/\/api.w.org\/{rel}","templated":true}]}}